{"id":189,"date":"2022-05-24T12:19:09","date_gmt":"2022-05-24T10:19:09","guid":{"rendered":"https:\/\/www.kucazaodmorkristina.hr\/gallery\/"},"modified":"2025-04-24T21:36:04","modified_gmt":"2025-04-24T19:36:04","slug":"unterkunft-2","status":"publish","type":"page","link":"https:\/\/www.kucazaodmorkristina.hr\/de\/unterkunft-2\/","title":{"rendered":"Unterkunft"},"content":{"rendered":"<div class=\"wpb-content-wrapper\"><p>[vc_row full_width=&#8220;stretch_row&#8220; css=&#8220;.vc_custom_1745491339498{background-image: url(https:\/\/www.kucazaodmorkristina.hr\/wp-content\/uploads\/2025\/04\/03-Kuca-za-odmor-Kristina.jpg?id=517) !important;background-position: center !important;background-repeat: no-repeat !important;background-size: cover !important;}&#8220;][vc_column]<div class=\"cz_gap clr  hide_on_tablet hide_on_mobile\" style=\"height: 200px\"><\/div><div class=\"cz_gap show_on_tablet clr  show_only_tablet\" style=\"height: 150px\"><\/div><div class=\"cz_gap show_on_mobile clr\" style=\"height: 150px\"><\/div><div id=\"cz_21635\" class=\"cz_21635 cz_title clr cz_title_pos_inline\"><div class=\"cz_title_content\"><div class=\"cz_wpe_content\"><h1>Unterkunft<\/h1>\n<\/div><\/div><\/div><div class=\"cz_gap clr  hide_on_tablet hide_on_mobile\" style=\"height: 150px\"><\/div><div class=\"cz_gap show_on_tablet clr  show_only_tablet\" style=\"height: 150px\"><\/div><div class=\"cz_gap show_on_mobile clr\" style=\"height: 150px\"><\/div>[\/vc_column][\/vc_row][vc_row][vc_column]<div class=\"cz_gap clr  hide_on_tablet hide_on_mobile\" style=\"height: 75px\"><\/div><div class=\"cz_gap show_on_tablet clr  show_only_tablet\" style=\"height: 55px\"><\/div><div class=\"cz_gap show_on_mobile clr\" style=\"height: 35px\"><\/div><div id=\"cz_66433\" class=\"cz_66433 cz_title clr cz_title_pos_inline\"><div class=\"cz_title_content\"><div class=\"cz_wpe_content\"><p>Unser Haus, mit drei Sternen ausgezeichnet, ist im traditionellen Stil der Weinkeller gestaltet, mit dominierenden Holzelementen, die sich harmonisch in die idyllische Landschaft einf\u00fcgen.<\/p>\n<p>Das Haus besteht aus drei Schlafzimmern, einer voll ausgestatteten K\u00fcche, einem Esszimmer, einem Badezimmer, einem Flur und einer Terrasse. Das Hauptschlafzimmer ist mit einem Doppelbett ausgestattet, w\u00e4hrend ein zus\u00e4tzliches Zimmer ein Einzelbett enth\u00e4lt. Der Dachboden bietet mehrere zus\u00e4tzliche Betten, ideal f\u00fcr Kinder und junge G\u00e4ste, sodass auch gr\u00f6\u00dfere Familien bequem untergebracht werden k\u00f6nnen.<\/p>\n<p>Die K\u00fcche ist mit allen notwendigen Ger\u00e4ten und Geschirr ausgestattet und mit dem Essbereich f\u00fcr gemeinsame Mahlzeiten verbunden.<\/p>\n<p>Ein ger\u00e4umiger privater Parkplatz bietet ausreichend Platz f\u00fcr Fahrzeuge. Grillliebhaber k\u00f6nnen sich an der Zubereitung von Speisen im Freien erfreuen, w\u00e4hrend den j\u00fcngsten G\u00e4sten ein eigener Spielplatz zur Verf\u00fcgung steht.<\/p>\n<p>Von der Terrasse aus genie\u00dfen Sie einen atemberaubenden Blick auf den Hof, den Garten, die Weinberge und kleine W\u00e4ldchen \u2013 die perfekte Kulisse f\u00fcr einen Morgenkaffee oder einen entspannten Abend.<\/p>\n<p>Haustiere sind willkommen, denn wir m\u00f6chten, dass sich die ganze Familie wie zu Hause f\u00fchlt.<\/p>\n<p>Den G\u00e4sten stehen ein Fernseher, kostenloses WLAN und eine Klimaanlage zur Verf\u00fcgung.<\/p>\n<\/div><\/div><\/div><div class=\"cz_gap clr  hide_on_tablet hide_on_mobile\" style=\"height: 75px\"><\/div><div class=\"cz_gap show_on_tablet clr  show_only_tablet\" style=\"height: 55px\"><\/div><div class=\"cz_gap show_on_mobile clr\" style=\"height: 35px\"><\/div><div id=\"cz_30947\" class=\"cz_grid_p cz_30947\"><div class=\"cz_grid cz_grid_1 clr cz_grid_c4 cz_grid_1_no_title cz_grid_1_mid tac\"><div class=\"cz_grid_item cz_grid_first\"><\/div><div class=\"cz_grid_item \"><div><a class=\"cz_grid_link \" href=\"https:\/\/www.kucazaodmorkristina.hr\/wp-content\/uploads\/2025\/04\/01-Kuca-za-odmor-Kristina.jpg\" data-xtra-lightbox><img loading=\"lazy\" decoding=\"async\" width=\"600\" height=\"600\" src=\"https:\/\/www.kucazaodmorkristina.hr\/wp-content\/uploads\/2025\/04\/01-Kuca-za-odmor-Kristina-600x600.jpg\" class=\"attachment-codevz_600_600\" alt=\"\" title=\"01 Kuca-za-odmor-Kristina\" srcset=\"https:\/\/www.kucazaodmorkristina.hr\/wp-content\/uploads\/2025\/04\/01-Kuca-za-odmor-Kristina-600x600.jpg 600w, https:\/\/www.kucazaodmorkristina.hr\/wp-content\/uploads\/2025\/04\/01-Kuca-za-odmor-Kristina-150x150.jpg 150w\" sizes=\"auto, (max-width: 600px) 100vw, 600px\" \/><div class=\"cz_grid_details\"><i class=\"fa fa-search cz_grid_icon\"><\/i><\/div><\/a><\/div><\/div><div class=\"cz_grid_item \"><div><a class=\"cz_grid_link \" href=\"https:\/\/www.kucazaodmorkristina.hr\/wp-content\/uploads\/2025\/04\/02-Kuca-za-odmor-Kristina-1.jpg\" data-xtra-lightbox><img loading=\"lazy\" decoding=\"async\" width=\"600\" height=\"600\" src=\"https:\/\/www.kucazaodmorkristina.hr\/wp-content\/uploads\/2025\/04\/02-Kuca-za-odmor-Kristina-1-600x600.jpg\" class=\"attachment-codevz_600_600\" alt=\"\" title=\"02 Kuca-za-odmor-Kristina\" srcset=\"https:\/\/www.kucazaodmorkristina.hr\/wp-content\/uploads\/2025\/04\/02-Kuca-za-odmor-Kristina-1-600x600.jpg 600w, https:\/\/www.kucazaodmorkristina.hr\/wp-content\/uploads\/2025\/04\/02-Kuca-za-odmor-Kristina-1-150x150.jpg 150w\" sizes=\"auto, (max-width: 600px) 100vw, 600px\" \/><div class=\"cz_grid_details\"><i class=\"fa fa-search cz_grid_icon\"><\/i><\/div><\/a><\/div><\/div><div class=\"cz_grid_item \"><div><a class=\"cz_grid_link \" href=\"https:\/\/www.kucazaodmorkristina.hr\/wp-content\/uploads\/2025\/04\/03-Kuca-za-odmor-Kristina.jpg\" data-xtra-lightbox><img loading=\"lazy\" decoding=\"async\" width=\"600\" height=\"600\" src=\"https:\/\/www.kucazaodmorkristina.hr\/wp-content\/uploads\/2025\/04\/03-Kuca-za-odmor-Kristina-600x600.jpg\" class=\"attachment-codevz_600_600\" alt=\"\" title=\"03 Kuca-za-odmor-Kristina\" srcset=\"https:\/\/www.kucazaodmorkristina.hr\/wp-content\/uploads\/2025\/04\/03-Kuca-za-odmor-Kristina-600x600.jpg 600w, https:\/\/www.kucazaodmorkristina.hr\/wp-content\/uploads\/2025\/04\/03-Kuca-za-odmor-Kristina-150x150.jpg 150w\" sizes=\"auto, (max-width: 600px) 100vw, 600px\" \/><div class=\"cz_grid_details\"><i class=\"fa fa-search cz_grid_icon\"><\/i><\/div><\/a><\/div><\/div><div class=\"cz_grid_item \"><div><a class=\"cz_grid_link \" href=\"https:\/\/www.kucazaodmorkristina.hr\/wp-content\/uploads\/2025\/04\/04-Kuca-za-odmor-Kristina.jpg\" data-xtra-lightbox><img loading=\"lazy\" decoding=\"async\" width=\"600\" height=\"600\" src=\"https:\/\/www.kucazaodmorkristina.hr\/wp-content\/uploads\/2025\/04\/04-Kuca-za-odmor-Kristina-600x600.jpg\" class=\"attachment-codevz_600_600\" alt=\"\" title=\"04 Kuca-za-odmor-Kristina\" srcset=\"https:\/\/www.kucazaodmorkristina.hr\/wp-content\/uploads\/2025\/04\/04-Kuca-za-odmor-Kristina-600x600.jpg 600w, https:\/\/www.kucazaodmorkristina.hr\/wp-content\/uploads\/2025\/04\/04-Kuca-za-odmor-Kristina-150x150.jpg 150w\" sizes=\"auto, (max-width: 600px) 100vw, 600px\" \/><div class=\"cz_grid_details\"><i class=\"fa fa-search cz_grid_icon\"><\/i><\/div><\/a><\/div><\/div><div class=\"cz_grid_item \"><div><a class=\"cz_grid_link \" href=\"https:\/\/www.kucazaodmorkristina.hr\/wp-content\/uploads\/2025\/04\/05-Kuca-za-odmor-Kristina.jpg\" data-xtra-lightbox><img loading=\"lazy\" decoding=\"async\" width=\"600\" height=\"600\" src=\"https:\/\/www.kucazaodmorkristina.hr\/wp-content\/uploads\/2025\/04\/05-Kuca-za-odmor-Kristina-600x600.jpg\" class=\"attachment-codevz_600_600\" alt=\"\" title=\"05 Kuca-za-odmor-Kristina\" srcset=\"https:\/\/www.kucazaodmorkristina.hr\/wp-content\/uploads\/2025\/04\/05-Kuca-za-odmor-Kristina-600x600.jpg 600w, https:\/\/www.kucazaodmorkristina.hr\/wp-content\/uploads\/2025\/04\/05-Kuca-za-odmor-Kristina-150x150.jpg 150w\" sizes=\"auto, (max-width: 600px) 100vw, 600px\" \/><div class=\"cz_grid_details\"><i class=\"fa fa-search cz_grid_icon\"><\/i><\/div><\/a><\/div><\/div><div class=\"cz_grid_item \"><div><a class=\"cz_grid_link \" href=\"https:\/\/www.kucazaodmorkristina.hr\/wp-content\/uploads\/2025\/04\/06-Kuca-za-odmor-Kristina.jpg\" data-xtra-lightbox><img loading=\"lazy\" decoding=\"async\" width=\"600\" height=\"600\" src=\"https:\/\/www.kucazaodmorkristina.hr\/wp-content\/uploads\/2025\/04\/06-Kuca-za-odmor-Kristina-600x600.jpg\" class=\"attachment-codevz_600_600\" alt=\"\" title=\"06 Kuca-za-odmor-Kristina\" srcset=\"https:\/\/www.kucazaodmorkristina.hr\/wp-content\/uploads\/2025\/04\/06-Kuca-za-odmor-Kristina-600x600.jpg 600w, https:\/\/www.kucazaodmorkristina.hr\/wp-content\/uploads\/2025\/04\/06-Kuca-za-odmor-Kristina-150x150.jpg 150w\" sizes=\"auto, (max-width: 600px) 100vw, 600px\" \/><div class=\"cz_grid_details\"><i class=\"fa fa-search cz_grid_icon\"><\/i><\/div><\/a><\/div><\/div><div class=\"cz_grid_item \"><div><a class=\"cz_grid_link \" href=\"https:\/\/www.kucazaodmorkristina.hr\/wp-content\/uploads\/2025\/04\/07-Kuca-za-odmor-Kristina.jpg\" data-xtra-lightbox><img loading=\"lazy\" decoding=\"async\" width=\"600\" height=\"600\" src=\"https:\/\/www.kucazaodmorkristina.hr\/wp-content\/uploads\/2025\/04\/07-Kuca-za-odmor-Kristina-600x600.jpg\" class=\"attachment-codevz_600_600\" alt=\"\" title=\"07 Kuca-za-odmor-Kristina\" srcset=\"https:\/\/www.kucazaodmorkristina.hr\/wp-content\/uploads\/2025\/04\/07-Kuca-za-odmor-Kristina-600x600.jpg 600w, https:\/\/www.kucazaodmorkristina.hr\/wp-content\/uploads\/2025\/04\/07-Kuca-za-odmor-Kristina-150x150.jpg 150w\" sizes=\"auto, (max-width: 600px) 100vw, 600px\" \/><div class=\"cz_grid_details\"><i class=\"fa fa-search cz_grid_icon\"><\/i><\/div><\/a><\/div><\/div><div class=\"cz_grid_item \"><div><a class=\"cz_grid_link \" href=\"https:\/\/www.kucazaodmorkristina.hr\/wp-content\/uploads\/2025\/04\/08-Kuca-za-odmor-Kristina.jpg\" data-xtra-lightbox><img loading=\"lazy\" decoding=\"async\" width=\"600\" height=\"600\" src=\"https:\/\/www.kucazaodmorkristina.hr\/wp-content\/uploads\/2025\/04\/08-Kuca-za-odmor-Kristina-600x600.jpg\" class=\"attachment-codevz_600_600\" alt=\"\" title=\"08 Kuca-za-odmor-Kristina\" srcset=\"https:\/\/www.kucazaodmorkristina.hr\/wp-content\/uploads\/2025\/04\/08-Kuca-za-odmor-Kristina-600x600.jpg 600w, https:\/\/www.kucazaodmorkristina.hr\/wp-content\/uploads\/2025\/04\/08-Kuca-za-odmor-Kristina-150x150.jpg 150w\" sizes=\"auto, (max-width: 600px) 100vw, 600px\" \/><div class=\"cz_grid_details\"><i class=\"fa fa-search cz_grid_icon\"><\/i><\/div><\/a><\/div><\/div><div class=\"cz_grid_item \"><div><a class=\"cz_grid_link \" href=\"https:\/\/www.kucazaodmorkristina.hr\/wp-content\/uploads\/2025\/04\/09-Kuca-za-odmor-Kristina.jpg\" data-xtra-lightbox><img loading=\"lazy\" decoding=\"async\" width=\"600\" height=\"600\" src=\"https:\/\/www.kucazaodmorkristina.hr\/wp-content\/uploads\/2025\/04\/09-Kuca-za-odmor-Kristina-600x600.jpg\" class=\"attachment-codevz_600_600\" alt=\"\" title=\"09 Kuca-za-odmor-Kristina\" srcset=\"https:\/\/www.kucazaodmorkristina.hr\/wp-content\/uploads\/2025\/04\/09-Kuca-za-odmor-Kristina-600x600.jpg 600w, https:\/\/www.kucazaodmorkristina.hr\/wp-content\/uploads\/2025\/04\/09-Kuca-za-odmor-Kristina-150x150.jpg 150w\" sizes=\"auto, (max-width: 600px) 100vw, 600px\" \/><div class=\"cz_grid_details\"><i class=\"fa fa-search cz_grid_icon\"><\/i><\/div><\/a><\/div><\/div><div class=\"cz_grid_item \"><div><a class=\"cz_grid_link \" href=\"https:\/\/www.kucazaodmorkristina.hr\/wp-content\/uploads\/2025\/04\/10-Kuca-za-odmor-Kristina.jpg\" data-xtra-lightbox><img loading=\"lazy\" decoding=\"async\" width=\"600\" height=\"600\" src=\"https:\/\/www.kucazaodmorkristina.hr\/wp-content\/uploads\/2025\/04\/10-Kuca-za-odmor-Kristina-600x600.jpg\" class=\"attachment-codevz_600_600\" alt=\"\" title=\"10 Kuca-za-odmor-Kristina\" srcset=\"https:\/\/www.kucazaodmorkristina.hr\/wp-content\/uploads\/2025\/04\/10-Kuca-za-odmor-Kristina-600x600.jpg 600w, https:\/\/www.kucazaodmorkristina.hr\/wp-content\/uploads\/2025\/04\/10-Kuca-za-odmor-Kristina-150x150.jpg 150w\" sizes=\"auto, (max-width: 600px) 100vw, 600px\" \/><div class=\"cz_grid_details\"><i class=\"fa fa-search cz_grid_icon\"><\/i><\/div><\/a><\/div><\/div><div class=\"cz_grid_item \"><div><a class=\"cz_grid_link \" href=\"https:\/\/www.kucazaodmorkristina.hr\/wp-content\/uploads\/2025\/04\/11-Kuca-za-odmor-Kristina.jpg\" data-xtra-lightbox><img loading=\"lazy\" decoding=\"async\" width=\"600\" height=\"600\" src=\"https:\/\/www.kucazaodmorkristina.hr\/wp-content\/uploads\/2025\/04\/11-Kuca-za-odmor-Kristina-600x600.jpg\" class=\"attachment-codevz_600_600\" alt=\"\" title=\"11 Kuca-za-odmor-Kristina\" srcset=\"https:\/\/www.kucazaodmorkristina.hr\/wp-content\/uploads\/2025\/04\/11-Kuca-za-odmor-Kristina-600x600.jpg 600w, https:\/\/www.kucazaodmorkristina.hr\/wp-content\/uploads\/2025\/04\/11-Kuca-za-odmor-Kristina-150x150.jpg 150w\" sizes=\"auto, (max-width: 600px) 100vw, 600px\" \/><div class=\"cz_grid_details\"><i class=\"fa fa-search cz_grid_icon\"><\/i><\/div><\/a><\/div><\/div><div class=\"cz_grid_item \"><div><a class=\"cz_grid_link \" href=\"https:\/\/www.kucazaodmorkristina.hr\/wp-content\/uploads\/2025\/04\/12-Kuca-za-odmor-Kristina.jpg\" data-xtra-lightbox><img loading=\"lazy\" decoding=\"async\" width=\"600\" height=\"600\" src=\"https:\/\/www.kucazaodmorkristina.hr\/wp-content\/uploads\/2025\/04\/12-Kuca-za-odmor-Kristina-600x600.jpg\" class=\"attachment-codevz_600_600\" alt=\"\" title=\"12 Kuca-za-odmor-Kristina\" srcset=\"https:\/\/www.kucazaodmorkristina.hr\/wp-content\/uploads\/2025\/04\/12-Kuca-za-odmor-Kristina-600x600.jpg 600w, https:\/\/www.kucazaodmorkristina.hr\/wp-content\/uploads\/2025\/04\/12-Kuca-za-odmor-Kristina-150x150.jpg 150w\" sizes=\"auto, (max-width: 600px) 100vw, 600px\" \/><div class=\"cz_grid_details\"><i class=\"fa fa-search cz_grid_icon\"><\/i><\/div><\/a><\/div><\/div><div class=\"cz_grid_item \"><div><a class=\"cz_grid_link \" href=\"https:\/\/www.kucazaodmorkristina.hr\/wp-content\/uploads\/2025\/04\/13-Kuca-za-odmor-Kristina-1.jpg\" data-xtra-lightbox><img loading=\"lazy\" decoding=\"async\" width=\"600\" height=\"600\" src=\"https:\/\/www.kucazaodmorkristina.hr\/wp-content\/uploads\/2025\/04\/13-Kuca-za-odmor-Kristina-1-600x600.jpg\" class=\"attachment-codevz_600_600\" alt=\"\" title=\"13 Kuca-za-odmor-Kristina\" srcset=\"https:\/\/www.kucazaodmorkristina.hr\/wp-content\/uploads\/2025\/04\/13-Kuca-za-odmor-Kristina-1-600x600.jpg 600w, https:\/\/www.kucazaodmorkristina.hr\/wp-content\/uploads\/2025\/04\/13-Kuca-za-odmor-Kristina-1-150x150.jpg 150w\" sizes=\"auto, (max-width: 600px) 100vw, 600px\" \/><div class=\"cz_grid_details\"><i class=\"fa fa-search cz_grid_icon\"><\/i><\/div><\/a><\/div><\/div><div class=\"cz_grid_item \"><div><a class=\"cz_grid_link \" href=\"https:\/\/www.kucazaodmorkristina.hr\/wp-content\/uploads\/2025\/04\/14-Kuca-za-odmor-Kristina.jpg\" data-xtra-lightbox><img loading=\"lazy\" decoding=\"async\" width=\"600\" height=\"600\" src=\"https:\/\/www.kucazaodmorkristina.hr\/wp-content\/uploads\/2025\/04\/14-Kuca-za-odmor-Kristina-600x600.jpg\" class=\"attachment-codevz_600_600\" alt=\"\" title=\"14 Kuca-za-odmor-Kristina\" srcset=\"https:\/\/www.kucazaodmorkristina.hr\/wp-content\/uploads\/2025\/04\/14-Kuca-za-odmor-Kristina-600x600.jpg 600w, https:\/\/www.kucazaodmorkristina.hr\/wp-content\/uploads\/2025\/04\/14-Kuca-za-odmor-Kristina-150x150.jpg 150w\" sizes=\"auto, (max-width: 600px) 100vw, 600px\" \/><div class=\"cz_grid_details\"><i class=\"fa fa-search cz_grid_icon\"><\/i><\/div><\/a><\/div><\/div><div class=\"cz_grid_item \"><div><a class=\"cz_grid_link \" href=\"https:\/\/www.kucazaodmorkristina.hr\/wp-content\/uploads\/2025\/04\/15-Kuca-za-odmor-Kristina.jpg\" data-xtra-lightbox><img loading=\"lazy\" decoding=\"async\" width=\"600\" height=\"600\" src=\"https:\/\/www.kucazaodmorkristina.hr\/wp-content\/uploads\/2025\/04\/15-Kuca-za-odmor-Kristina-600x600.jpg\" class=\"attachment-codevz_600_600\" alt=\"\" title=\"15 Kuca-za-odmor-Kristina\" srcset=\"https:\/\/www.kucazaodmorkristina.hr\/wp-content\/uploads\/2025\/04\/15-Kuca-za-odmor-Kristina-600x600.jpg 600w, https:\/\/www.kucazaodmorkristina.hr\/wp-content\/uploads\/2025\/04\/15-Kuca-za-odmor-Kristina-150x150.jpg 150w\" sizes=\"auto, (max-width: 600px) 100vw, 600px\" \/><div class=\"cz_grid_details\"><i class=\"fa fa-search cz_grid_icon\"><\/i><\/div><\/a><\/div><\/div><\/div><\/div>[\/vc_column][\/vc_row]<\/p>\n<\/div>","protected":false},"excerpt":{"rendered":"<p>[vc_row full_width=&#8220;stretch_row&#8220; css=&#8220;.vc_custom_1745491339498{background-image: url(https:\/\/www.kucazaodmorkristina.hr\/wp-content\/uploads\/2025\/04\/03-Kuca-za-odmor-Kristina.jpg?id=517) !important;background-position: center !important;background-repeat: no-repeat !important;background-size: cover !important;}&#8220;][vc_column][\/vc_column][\/vc_row][vc_row][vc_column][\/vc_column][\/vc_row] &#8230; <\/p>\n","protected":false},"author":1,"featured_media":0,"parent":0,"menu_order":0,"comment_status":"closed","ping_status":"closed","template":"","meta":{"footnotes":""},"class_list":["post-189","page","type-page","status-publish","hentry"],"_links":{"self":[{"href":"https:\/\/www.kucazaodmorkristina.hr\/de\/wp-json\/wp\/v2\/pages\/189","targetHints":{"allow":["GET"]}}],"collection":[{"href":"https:\/\/www.kucazaodmorkristina.hr\/de\/wp-json\/wp\/v2\/pages"}],"about":[{"href":"https:\/\/www.kucazaodmorkristina.hr\/de\/wp-json\/wp\/v2\/types\/page"}],"author":[{"embeddable":true,"href":"https:\/\/www.kucazaodmorkristina.hr\/de\/wp-json\/wp\/v2\/users\/1"}],"replies":[{"embeddable":true,"href":"https:\/\/www.kucazaodmorkristina.hr\/de\/wp-json\/wp\/v2\/comments?post=189"}],"version-history":[{"count":12,"href":"https:\/\/www.kucazaodmorkristina.hr\/de\/wp-json\/wp\/v2\/pages\/189\/revisions"}],"predecessor-version":[{"id":701,"href":"https:\/\/www.kucazaodmorkristina.hr\/de\/wp-json\/wp\/v2\/pages\/189\/revisions\/701"}],"wp:attachment":[{"href":"https:\/\/www.kucazaodmorkristina.hr\/de\/wp-json\/wp\/v2\/media?parent=189"}],"curies":[{"name":"wp","href":"https:\/\/api.w.org\/{rel}","templated":true}]}}