{"id":310,"date":"2022-05-25T11:18:49","date_gmt":"2022-05-25T09:18:49","guid":{"rendered":"https:\/\/www.kucazaodmorkristina.hr\/about-hodak-family\/"},"modified":"2025-04-27T13:55:49","modified_gmt":"2025-04-27T11:55:49","slug":"uber-uns","status":"publish","type":"page","link":"https:\/\/www.kucazaodmorkristina.hr\/de\/uber-uns\/","title":{"rendered":"\u00dcber Uns"},"content":{"rendered":"<div class=\"wpb-content-wrapper\"><p>[vc_row full_width=&#8220;stretch_row&#8220; css=&#8220;.vc_custom_1745523717259{background-image: url(https:\/\/www.kucazaodmorkristina.hr\/wp-content\/uploads\/2025\/04\/15-Kuca-za-odmor-Kristina.jpg?id=553) !important;background-position: center !important;background-repeat: no-repeat !important;background-size: cover !important;}&#8220;][vc_column]<div class=\"cz_gap clr  hide_on_tablet hide_on_mobile\" style=\"height: 200px\"><\/div><div class=\"cz_gap show_on_tablet clr  show_only_tablet\" style=\"height: 150px\"><\/div><div class=\"cz_gap show_on_mobile clr\" style=\"height: 150px\"><\/div><div id=\"cz_43582\" class=\"cz_43582 cz_title clr cz_title_pos_inline\"><div class=\"cz_title_content\"><div class=\"cz_wpe_content\"><h1><strong>\u00dcber Uns<\/strong><\/h1>\n<\/div><\/div><\/div><div class=\"cz_gap clr  hide_on_tablet hide_on_mobile\" style=\"height: 150px\"><\/div><div class=\"cz_gap show_on_tablet clr  show_only_tablet\" style=\"height: 150px\"><\/div><div class=\"cz_gap show_on_mobile clr\" style=\"height: 150px\"><\/div>[\/vc_column][\/vc_row][vc_row][vc_column]<div class=\"cz_gap clr  hide_on_tablet hide_on_mobile\" style=\"height: 75px\"><\/div><div class=\"cz_gap show_on_tablet clr  show_only_tablet\" style=\"height: 55px\"><\/div><div class=\"cz_gap show_on_mobile clr\" style=\"height: 35px\"><\/div>[vc_column_text css=&#8220;&#8220;]Das Ferienhaus Kristina ist das Ergebnis unserer Liebe zur Region Podravina und unseres Wunsches, unseren G\u00e4sten ein authentisches Naturerlebnis zu bieten.<\/p>\n<p>Die Gastgeber Kristina und \u017deljko, voller Liebe zu ihrer Heimat, warmherzig und fr\u00f6hlich, teilen ihre Leidenschaft und Gastfreundschaft mit jedem Gast und schaffen eine einzigartige Atmosph\u00e4re, in der sich alle willkommen f\u00fchlen.<\/p>\n<p>Ihre Begeisterung und Hingabe spiegeln sich in jeder Ecke des Hauses und Gartens wider, und jedes L\u00e4cheln und freundliche Wort macht den Aufenthalt im Ferienhaus Kristina unvergesslich.<\/p>\n<p>Unsere Mission ist es, jedem Gast einen angenehmen und unvergesslichen Aufenthalt zu erm\u00f6glichen \u2013 sei es eine ruhige Auszeit, ein aktiver Natururlaub oder der perfekte Ort f\u00fcr eine besondere Feier.<\/p>\n<p>Wir sind stolz auf unsere Tradition der Gastfreundschaft und bem\u00fchen uns, jedem Besucher das Gef\u00fchl von Zuhause und Zugeh\u00f6rigkeit zu vermitteln.<\/p>\n<p>Wir laden Sie ein, den Charme von Podravina zu erleben und unvergessliche Momente im Ferienhaus Kristina zu verbringen \u2013 einem Ort, an dem Natur auf Komfort trifft und jeder Gast Teil unserer Familie wird.[\/vc_column_text][\/vc_column][\/vc_row][vc_row full_width=&#8220;stretch_row&#8220; css=&#8220;.vc_custom_1653474565555{background-color: #f9f9f9 !important;}&#8220;][vc_column]<div class=\"cz_gap clr  hide_on_tablet hide_on_mobile\" style=\"height: 75px\"><\/div><div class=\"cz_gap show_on_tablet clr  show_only_tablet\" style=\"height: 55px\"><\/div><div class=\"cz_gap show_on_mobile clr\" style=\"height: 35px\"><\/div>[\/vc_column][vc_column width=&#8220;1\/2&#8243;]<a class=\"cz_content_box_link\" href=\"https:\/\/www.kucazaodmorkristina.hr\/hr\/smjestaj-2\/\"><div class=\"cz_eqh cz_content_box_parent_fx  white_text\"><div class=\"fx_zoom_0_hover\"><div id=\"cz_70861\" class=\"cz_70861 cz_content_box clr\"><div class=\"cz_box_front clr\"><div class=\"cz_box_front_inner clr \"><span><\/span><div>[vc_column_text css=&#8220;&#8220;]<\/p>\n<h2>Vision<\/h2>\n<p>[\/vc_column_text][vc_column_text css=&#8220;&#8220;]Ein anerkanntes Reiseziel f\u00fcr alle zu werden, die eine ruhige, nat\u00fcrliche und authentische Auszeit im Herzen von Podravina suchen. Unser Ziel ist es, Tradition zu bewahren, exzellenten Service zu bieten und einen Ort zu schaffen, an dem sich unsere G\u00e4ste immer willkommen f\u00fchlen und gerne zur\u00fcckkehren.[\/vc_column_text]<\/div><\/div><\/div><\/div><\/div><\/div><\/a>[\/vc_column][vc_column width=&#8220;1\/2&#8243;]<a class=\"cz_content_box_link\" href=\"https:\/\/www.kucazaodmorkristina.hr\/hr\/proslave\/\" title=\"Smje\u0161taj\" aria-label=\"Smje\u0161taj\"><div class=\"cz_eqh cz_content_box_parent_fx  white_text\"><div class=\"fx_zoom_0_hover\"><div id=\"cz_12029\" class=\"cz_12029 cz_content_box clr\"><div class=\"cz_box_front clr\"><div class=\"cz_box_front_inner clr \"><span><\/span><div>[vc_column_text css=&#8220;&#8220;]<\/p>\n<h2>Mission<\/h2>\n<p>[\/vc_column_text][vc_column_text css=&#8220;&#8220;]Unseren G\u00e4sten einen unvergesslichen Aufenthalt in einer nat\u00fcrlichen und authentischen Umgebung zu bieten, in der Komfort, Tradition und Ruhe vereint sind. Das Ferienhaus Kristina ist ein Ort der Entspannung, der Familienzusammenkunft und der Feierlichkeiten \u2013 fernab vom Stadttrubel und doch nah genug an allen Annehmlichkeiten, die f\u00fcr einen angenehmen Aufenthalt und Genuss erforderlich sind.[\/vc_column_text]<\/div><\/div><\/div><\/div><\/div><\/div><\/a>[\/vc_column][vc_column]<div class=\"cz_gap clr  hide_on_tablet hide_on_mobile\" style=\"height: 75px\"><\/div><div class=\"cz_gap show_on_tablet clr  show_only_tablet\" style=\"height: 55px\"><\/div><div class=\"cz_gap show_on_mobile clr\" style=\"height: 35px\"><\/div>[\/vc_column][\/vc_row]<\/p>\n<\/div>","protected":false},"excerpt":{"rendered":"<p>[vc_row full_width=&#8220;stretch_row&#8220; css=&#8220;.vc_custom_1745523717259{background-image: url(https:\/\/www.kucazaodmorkristina.hr\/wp-content\/uploads\/2025\/04\/15-Kuca-za-odmor-Kristina.jpg?id=553) !important;background-position: center !important;background-repeat: no-repeat !important;background-size: cover !important;}&#8220;][vc_column][\/vc_column][\/vc_row][vc_row][vc_column][vc_column_text &#8230; <\/p>\n","protected":false},"author":1,"featured_media":0,"parent":0,"menu_order":0,"comment_status":"closed","ping_status":"closed","template":"","meta":{"footnotes":""},"class_list":["post-310","page","type-page","status-publish","hentry"],"_links":{"self":[{"href":"https:\/\/www.kucazaodmorkristina.hr\/de\/wp-json\/wp\/v2\/pages\/310","targetHints":{"allow":["GET"]}}],"collection":[{"href":"https:\/\/www.kucazaodmorkristina.hr\/de\/wp-json\/wp\/v2\/pages"}],"about":[{"href":"https:\/\/www.kucazaodmorkristina.hr\/de\/wp-json\/wp\/v2\/types\/page"}],"author":[{"embeddable":true,"href":"https:\/\/www.kucazaodmorkristina.hr\/de\/wp-json\/wp\/v2\/users\/1"}],"replies":[{"embeddable":true,"href":"https:\/\/www.kucazaodmorkristina.hr\/de\/wp-json\/wp\/v2\/comments?post=310"}],"version-history":[{"count":9,"href":"https:\/\/www.kucazaodmorkristina.hr\/de\/wp-json\/wp\/v2\/pages\/310\/revisions"}],"predecessor-version":[{"id":723,"href":"https:\/\/www.kucazaodmorkristina.hr\/de\/wp-json\/wp\/v2\/pages\/310\/revisions\/723"}],"wp:attachment":[{"href":"https:\/\/www.kucazaodmorkristina.hr\/de\/wp-json\/wp\/v2\/media?parent=310"}],"curies":[{"name":"wp","href":"https:\/\/api.w.org\/{rel}","templated":true}]}}