{"id":607,"date":"2025-04-24T19:02:47","date_gmt":"2025-04-24T17:02:47","guid":{"rendered":"https:\/\/www.kucazaodmorkristina.hr\/?page_id=607"},"modified":"2025-04-24T21:33:32","modified_gmt":"2025-04-24T19:33:32","slug":"feiern","status":"publish","type":"page","link":"https:\/\/www.kucazaodmorkristina.hr\/de\/feiern\/","title":{"rendered":"Feiern"},"content":{"rendered":"<div class=\"wpb-content-wrapper\"><p>[vc_row full_width=&#8220;stretch_row&#8220; css=&#8220;.vc_custom_1745523209565{background-image: url(https:\/\/www.kucazaodmorkristina.hr\/wp-content\/uploads\/2025\/04\/08-Prostor-za-proslave.jpg?id=582) !important;background-position: center !important;background-repeat: no-repeat !important;background-size: cover !important;}&#8220;][vc_column]<div class=\"cz_gap clr  hide_on_tablet hide_on_mobile\" style=\"height: 200px\"><\/div><div class=\"cz_gap show_on_tablet clr  show_only_tablet\" style=\"height: 150px\"><\/div><div class=\"cz_gap show_on_mobile clr\" style=\"height: 150px\"><\/div><div id=\"cz_13143\" class=\"cz_13143 cz_title clr cz_title_pos_inline\"><div class=\"cz_title_content\"><div class=\"cz_wpe_content\"><h1>Feiern<\/h1>\n<\/div><\/div><\/div><div class=\"cz_gap clr  hide_on_tablet hide_on_mobile\" style=\"height: 150px\"><\/div><div class=\"cz_gap show_on_tablet clr  show_only_tablet\" style=\"height: 150px\"><\/div><div class=\"cz_gap show_on_mobile clr\" style=\"height: 150px\"><\/div>[\/vc_column][\/vc_row][vc_row][vc_column]<div class=\"cz_gap clr  hide_on_tablet hide_on_mobile\" style=\"height: 75px\"><\/div><div class=\"cz_gap show_on_tablet clr  show_only_tablet\" style=\"height: 55px\"><\/div><div class=\"cz_gap show_on_mobile clr\" style=\"height: 35px\"><\/div><div id=\"cz_56987\" class=\"cz_56987 cz_title clr cz_title_pos_inline\"><div class=\"cz_title_content\"><div class=\"cz_wpe_content\"><p>Neben der Unterkunft bieten wir einen bestens ausgestatteten Veranstaltungsraum, der bis zu 50 G\u00e4ste aufnehmen kann.<\/p>\n<p>Dieser Raum bietet eine warme und einladende Atmosph\u00e4re, und sein rustikaler Stil verst\u00e4rkt das authentische Erlebnis der Region Podravina. Er ist ideal f\u00fcr Geburtstagsfeiern, Taufen, Konfirmationen, Jubil\u00e4en, Firmenveranstaltungen und andere festliche Anl\u00e4sse.<\/p>\n<p>Der Veranstaltungsraum ist mit allen notwendigen Einrichtungen ausgestattet, um eine reibungslose Feier zu gew\u00e4hrleisten, und Ihre Gastgeber stehen Ihnen f\u00fcr alle zus\u00e4tzlichen W\u00fcnsche und Bed\u00fcrfnisse zur Verf\u00fcgung.<\/p>\n<p>Den G\u00e4sten stehen Grill, Peka (Garen unter der Eisenhaube), Spie\u00dfbraten und ein Kessel f\u00fcr traditionelle Eint\u00f6pfe zur Verf\u00fcgung, sodass sie ihre eigenen Speisen f\u00fcr die Feier zubereiten k\u00f6nnen. Alternativ kann ein Catering-Service organisiert werden, mit Lieferung von Speisen aus nahegelegenen Restaurants \u2013 gerne helfen wir Ihnen bei der Organisation.<\/p>\n<p>Unsere Flexibilit\u00e4t und Liebe zum Detail erm\u00f6glichen es Ihnen, jeden Moment Ihrer Feier zu genie\u00dfen, w\u00e4hrend wir uns um alles Weitere k\u00fcmmern.<\/p>\n<p>Egal, ob Sie einen Geburtstag, eine Taufe, eine Konfirmation, ein Jubil\u00e4um, eine Firmenveranstaltung oder einen anderen besonderen Anlass feiern \u2013 das Ferienhaus Kristina bietet den perfekten Raum f\u00fcr unvergessliche Momente.<\/p>\n<\/div><\/div><\/div><div class=\"cz_gap clr  hide_on_tablet hide_on_mobile\" style=\"height: 75px\"><\/div><div class=\"cz_gap show_on_tablet clr  show_only_tablet\" style=\"height: 55px\"><\/div><div class=\"cz_gap show_on_mobile clr\" style=\"height: 35px\"><\/div><div id=\"cz_70655\" class=\"cz_grid_p cz_70655\"><div class=\"cz_grid cz_grid_1 clr cz_grid_c4 cz_grid_1_no_title cz_grid_1_mid tac\"><div class=\"cz_grid_item cz_grid_first\"><\/div><div class=\"cz_grid_item \"><div><a class=\"cz_grid_link \" href=\"https:\/\/www.kucazaodmorkristina.hr\/wp-content\/uploads\/2025\/04\/01-Prostor-za-proslave.jpg\" data-xtra-lightbox><img loading=\"lazy\" decoding=\"async\" width=\"600\" height=\"600\" src=\"https:\/\/www.kucazaodmorkristina.hr\/wp-content\/uploads\/2025\/04\/01-Prostor-za-proslave-600x600.jpg\" class=\"attachment-codevz_600_600\" alt=\"\" title=\"01 Prostor-za-proslave\" srcset=\"https:\/\/www.kucazaodmorkristina.hr\/wp-content\/uploads\/2025\/04\/01-Prostor-za-proslave-600x600.jpg 600w, https:\/\/www.kucazaodmorkristina.hr\/wp-content\/uploads\/2025\/04\/01-Prostor-za-proslave-150x150.jpg 150w\" sizes=\"auto, (max-width: 600px) 100vw, 600px\" \/><div class=\"cz_grid_details\"><i class=\"fa fa-search cz_grid_icon\"><\/i><\/div><\/a><\/div><\/div><div class=\"cz_grid_item \"><div><a class=\"cz_grid_link \" href=\"https:\/\/www.kucazaodmorkristina.hr\/wp-content\/uploads\/2025\/04\/02-Prostor-za-proslave.jpg\" data-xtra-lightbox><img loading=\"lazy\" decoding=\"async\" width=\"600\" height=\"600\" src=\"https:\/\/www.kucazaodmorkristina.hr\/wp-content\/uploads\/2025\/04\/02-Prostor-za-proslave-600x600.jpg\" class=\"attachment-codevz_600_600\" alt=\"\" title=\"02 Prostor-za-proslave\" srcset=\"https:\/\/www.kucazaodmorkristina.hr\/wp-content\/uploads\/2025\/04\/02-Prostor-za-proslave-600x600.jpg 600w, https:\/\/www.kucazaodmorkristina.hr\/wp-content\/uploads\/2025\/04\/02-Prostor-za-proslave-150x150.jpg 150w\" sizes=\"auto, (max-width: 600px) 100vw, 600px\" \/><div class=\"cz_grid_details\"><i class=\"fa fa-search cz_grid_icon\"><\/i><\/div><\/a><\/div><\/div><div class=\"cz_grid_item \"><div><a class=\"cz_grid_link \" href=\"https:\/\/www.kucazaodmorkristina.hr\/wp-content\/uploads\/2025\/04\/03-Prostor-za-proslave.jpg\" data-xtra-lightbox><img loading=\"lazy\" decoding=\"async\" width=\"600\" height=\"600\" src=\"https:\/\/www.kucazaodmorkristina.hr\/wp-content\/uploads\/2025\/04\/03-Prostor-za-proslave-600x600.jpg\" class=\"attachment-codevz_600_600\" alt=\"\" title=\"03 Prostor-za-proslave\" srcset=\"https:\/\/www.kucazaodmorkristina.hr\/wp-content\/uploads\/2025\/04\/03-Prostor-za-proslave-600x600.jpg 600w, https:\/\/www.kucazaodmorkristina.hr\/wp-content\/uploads\/2025\/04\/03-Prostor-za-proslave-150x150.jpg 150w\" sizes=\"auto, (max-width: 600px) 100vw, 600px\" \/><div class=\"cz_grid_details\"><i class=\"fa fa-search cz_grid_icon\"><\/i><\/div><\/a><\/div><\/div><div class=\"cz_grid_item \"><div><a class=\"cz_grid_link \" href=\"https:\/\/www.kucazaodmorkristina.hr\/wp-content\/uploads\/2025\/04\/04-Prostor-za-proslave.jpg\" data-xtra-lightbox><img loading=\"lazy\" decoding=\"async\" width=\"600\" height=\"600\" src=\"https:\/\/www.kucazaodmorkristina.hr\/wp-content\/uploads\/2025\/04\/04-Prostor-za-proslave-600x600.jpg\" class=\"attachment-codevz_600_600\" alt=\"\" title=\"04 Prostor-za-proslave\" srcset=\"https:\/\/www.kucazaodmorkristina.hr\/wp-content\/uploads\/2025\/04\/04-Prostor-za-proslave-600x600.jpg 600w, https:\/\/www.kucazaodmorkristina.hr\/wp-content\/uploads\/2025\/04\/04-Prostor-za-proslave-150x150.jpg 150w\" sizes=\"auto, (max-width: 600px) 100vw, 600px\" \/><div class=\"cz_grid_details\"><i class=\"fa fa-search cz_grid_icon\"><\/i><\/div><\/a><\/div><\/div><div class=\"cz_grid_item \"><div><a class=\"cz_grid_link \" href=\"https:\/\/www.kucazaodmorkristina.hr\/wp-content\/uploads\/2025\/04\/05-Prostor-za-proslave.jpg\" data-xtra-lightbox><img loading=\"lazy\" decoding=\"async\" width=\"600\" height=\"600\" src=\"https:\/\/www.kucazaodmorkristina.hr\/wp-content\/uploads\/2025\/04\/05-Prostor-za-proslave-600x600.jpg\" class=\"attachment-codevz_600_600\" alt=\"\" title=\"05 Prostor-za-proslave\" srcset=\"https:\/\/www.kucazaodmorkristina.hr\/wp-content\/uploads\/2025\/04\/05-Prostor-za-proslave-600x600.jpg 600w, https:\/\/www.kucazaodmorkristina.hr\/wp-content\/uploads\/2025\/04\/05-Prostor-za-proslave-150x150.jpg 150w\" sizes=\"auto, (max-width: 600px) 100vw, 600px\" \/><div class=\"cz_grid_details\"><i class=\"fa fa-search cz_grid_icon\"><\/i><\/div><\/a><\/div><\/div><div class=\"cz_grid_item \"><div><a class=\"cz_grid_link \" href=\"https:\/\/www.kucazaodmorkristina.hr\/wp-content\/uploads\/2025\/04\/06-Prostor-za-proslave.jpg\" data-xtra-lightbox><img loading=\"lazy\" decoding=\"async\" width=\"600\" height=\"600\" src=\"https:\/\/www.kucazaodmorkristina.hr\/wp-content\/uploads\/2025\/04\/06-Prostor-za-proslave-600x600.jpg\" class=\"attachment-codevz_600_600\" alt=\"\" title=\"06 Prostor-za-proslave\" srcset=\"https:\/\/www.kucazaodmorkristina.hr\/wp-content\/uploads\/2025\/04\/06-Prostor-za-proslave-600x600.jpg 600w, https:\/\/www.kucazaodmorkristina.hr\/wp-content\/uploads\/2025\/04\/06-Prostor-za-proslave-150x150.jpg 150w\" sizes=\"auto, (max-width: 600px) 100vw, 600px\" \/><div class=\"cz_grid_details\"><i class=\"fa fa-search cz_grid_icon\"><\/i><\/div><\/a><\/div><\/div><div class=\"cz_grid_item \"><div><a class=\"cz_grid_link \" href=\"https:\/\/www.kucazaodmorkristina.hr\/wp-content\/uploads\/2025\/04\/07-Prostor-za-proslave.jpg\" data-xtra-lightbox><img loading=\"lazy\" decoding=\"async\" width=\"600\" height=\"600\" src=\"https:\/\/www.kucazaodmorkristina.hr\/wp-content\/uploads\/2025\/04\/07-Prostor-za-proslave-600x600.jpg\" class=\"attachment-codevz_600_600\" alt=\"\" title=\"07 Prostor-za-proslave\" srcset=\"https:\/\/www.kucazaodmorkristina.hr\/wp-content\/uploads\/2025\/04\/07-Prostor-za-proslave-600x600.jpg 600w, https:\/\/www.kucazaodmorkristina.hr\/wp-content\/uploads\/2025\/04\/07-Prostor-za-proslave-150x150.jpg 150w\" sizes=\"auto, (max-width: 600px) 100vw, 600px\" \/><div class=\"cz_grid_details\"><i class=\"fa fa-search cz_grid_icon\"><\/i><\/div><\/a><\/div><\/div><div class=\"cz_grid_item \"><div><a class=\"cz_grid_link \" href=\"https:\/\/www.kucazaodmorkristina.hr\/wp-content\/uploads\/2025\/04\/08-Prostor-za-proslave.jpg\" data-xtra-lightbox><img loading=\"lazy\" decoding=\"async\" width=\"600\" height=\"600\" src=\"https:\/\/www.kucazaodmorkristina.hr\/wp-content\/uploads\/2025\/04\/08-Prostor-za-proslave-600x600.jpg\" class=\"attachment-codevz_600_600\" alt=\"\" title=\"08 Prostor-za-proslave\" srcset=\"https:\/\/www.kucazaodmorkristina.hr\/wp-content\/uploads\/2025\/04\/08-Prostor-za-proslave-600x600.jpg 600w, https:\/\/www.kucazaodmorkristina.hr\/wp-content\/uploads\/2025\/04\/08-Prostor-za-proslave-150x150.jpg 150w\" sizes=\"auto, (max-width: 600px) 100vw, 600px\" \/><div class=\"cz_grid_details\"><i class=\"fa fa-search cz_grid_icon\"><\/i><\/div><\/a><\/div><\/div><div class=\"cz_grid_item \"><div><a class=\"cz_grid_link \" href=\"https:\/\/www.kucazaodmorkristina.hr\/wp-content\/uploads\/2025\/04\/09-Prostor-za-proslave.jpg\" data-xtra-lightbox><img loading=\"lazy\" decoding=\"async\" width=\"600\" height=\"600\" src=\"https:\/\/www.kucazaodmorkristina.hr\/wp-content\/uploads\/2025\/04\/09-Prostor-za-proslave-600x600.jpg\" class=\"attachment-codevz_600_600\" alt=\"\" title=\"09 Prostor-za-proslave\" srcset=\"https:\/\/www.kucazaodmorkristina.hr\/wp-content\/uploads\/2025\/04\/09-Prostor-za-proslave-600x600.jpg 600w, https:\/\/www.kucazaodmorkristina.hr\/wp-content\/uploads\/2025\/04\/09-Prostor-za-proslave-150x150.jpg 150w\" sizes=\"auto, (max-width: 600px) 100vw, 600px\" \/><div class=\"cz_grid_details\"><i class=\"fa fa-search cz_grid_icon\"><\/i><\/div><\/a><\/div><\/div><div class=\"cz_grid_item \"><div><a class=\"cz_grid_link \" href=\"https:\/\/www.kucazaodmorkristina.hr\/wp-content\/uploads\/2025\/04\/10-Prostor-za-proslave.jpg\" data-xtra-lightbox><img loading=\"lazy\" decoding=\"async\" width=\"600\" height=\"600\" src=\"https:\/\/www.kucazaodmorkristina.hr\/wp-content\/uploads\/2025\/04\/10-Prostor-za-proslave-600x600.jpg\" class=\"attachment-codevz_600_600\" alt=\"\" title=\"10 Prostor-za-proslave\" srcset=\"https:\/\/www.kucazaodmorkristina.hr\/wp-content\/uploads\/2025\/04\/10-Prostor-za-proslave-600x600.jpg 600w, https:\/\/www.kucazaodmorkristina.hr\/wp-content\/uploads\/2025\/04\/10-Prostor-za-proslave-150x150.jpg 150w\" sizes=\"auto, (max-width: 600px) 100vw, 600px\" \/><div class=\"cz_grid_details\"><i class=\"fa fa-search cz_grid_icon\"><\/i><\/div><\/a><\/div><\/div><div class=\"cz_grid_item \"><div><a class=\"cz_grid_link \" href=\"https:\/\/www.kucazaodmorkristina.hr\/wp-content\/uploads\/2025\/04\/11-Prostor-za-proslave.jpg\" data-xtra-lightbox><img loading=\"lazy\" decoding=\"async\" width=\"600\" height=\"600\" src=\"https:\/\/www.kucazaodmorkristina.hr\/wp-content\/uploads\/2025\/04\/11-Prostor-za-proslave-600x600.jpg\" class=\"attachment-codevz_600_600\" alt=\"\" title=\"11 Prostor-za-proslave\" srcset=\"https:\/\/www.kucazaodmorkristina.hr\/wp-content\/uploads\/2025\/04\/11-Prostor-za-proslave-600x600.jpg 600w, https:\/\/www.kucazaodmorkristina.hr\/wp-content\/uploads\/2025\/04\/11-Prostor-za-proslave-150x150.jpg 150w\" sizes=\"auto, (max-width: 600px) 100vw, 600px\" \/><div class=\"cz_grid_details\"><i class=\"fa fa-search cz_grid_icon\"><\/i><\/div><\/a><\/div><\/div><div class=\"cz_grid_item \"><div><a class=\"cz_grid_link \" href=\"https:\/\/www.kucazaodmorkristina.hr\/wp-content\/uploads\/2025\/04\/12-Prostor-za-proslave.jpg\" data-xtra-lightbox><img loading=\"lazy\" decoding=\"async\" width=\"600\" height=\"600\" src=\"https:\/\/www.kucazaodmorkristina.hr\/wp-content\/uploads\/2025\/04\/12-Prostor-za-proslave-600x600.jpg\" class=\"attachment-codevz_600_600\" alt=\"\" title=\"12 Prostor-za-proslave\" srcset=\"https:\/\/www.kucazaodmorkristina.hr\/wp-content\/uploads\/2025\/04\/12-Prostor-za-proslave-600x600.jpg 600w, https:\/\/www.kucazaodmorkristina.hr\/wp-content\/uploads\/2025\/04\/12-Prostor-za-proslave-150x150.jpg 150w\" sizes=\"auto, (max-width: 600px) 100vw, 600px\" \/><div class=\"cz_grid_details\"><i class=\"fa fa-search cz_grid_icon\"><\/i><\/div><\/a><\/div><\/div><\/div><\/div>[\/vc_column][\/vc_row]<\/p>\n<\/div>","protected":false},"excerpt":{"rendered":"<p>[vc_row full_width=&#8220;stretch_row&#8220; css=&#8220;.vc_custom_1745523209565{background-image: url(https:\/\/www.kucazaodmorkristina.hr\/wp-content\/uploads\/2025\/04\/08-Prostor-za-proslave.jpg?id=582) !important;background-position: center !important;background-repeat: no-repeat !important;background-size: cover !important;}&#8220;][vc_column][\/vc_column][\/vc_row][vc_row][vc_column][\/vc_column][\/vc_row] &#8230; <\/p>\n","protected":false},"author":1,"featured_media":0,"parent":0,"menu_order":0,"comment_status":"closed","ping_status":"closed","template":"","meta":{"footnotes":""},"class_list":["post-607","page","type-page","status-publish","hentry"],"_links":{"self":[{"href":"https:\/\/www.kucazaodmorkristina.hr\/de\/wp-json\/wp\/v2\/pages\/607","targetHints":{"allow":["GET"]}}],"collection":[{"href":"https:\/\/www.kucazaodmorkristina.hr\/de\/wp-json\/wp\/v2\/pages"}],"about":[{"href":"https:\/\/www.kucazaodmorkristina.hr\/de\/wp-json\/wp\/v2\/types\/page"}],"author":[{"embeddable":true,"href":"https:\/\/www.kucazaodmorkristina.hr\/de\/wp-json\/wp\/v2\/users\/1"}],"replies":[{"embeddable":true,"href":"https:\/\/www.kucazaodmorkristina.hr\/de\/wp-json\/wp\/v2\/comments?post=607"}],"version-history":[{"count":10,"href":"https:\/\/www.kucazaodmorkristina.hr\/de\/wp-json\/wp\/v2\/pages\/607\/revisions"}],"predecessor-version":[{"id":699,"href":"https:\/\/www.kucazaodmorkristina.hr\/de\/wp-json\/wp\/v2\/pages\/607\/revisions\/699"}],"wp:attachment":[{"href":"https:\/\/www.kucazaodmorkristina.hr\/de\/wp-json\/wp\/v2\/media?parent=607"}],"curies":[{"name":"wp","href":"https:\/\/api.w.org\/{rel}","templated":true}]}}